{"id":2105,"date":"2024-10-15T13:49:16","date_gmt":"2024-10-15T13:49:16","guid":{"rendered":"https:\/\/graphica.designbox.com\/mentions-legales\/"},"modified":"2025-08-26T21:55:33","modified_gmt":"2025-08-26T21:55:33","slug":"mentions-legales","status":"publish","type":"page","link":"https:\/\/graphica.designbox.com\/fr\/mentions-legales\/","title":{"rendered":"Mentions L\u00e9gales"},"content":{"rendered":"<div class=\"wpb-content-wrapper\"><p>[vc_row][vc_column width=\u00a0\u00bb1\/1&Prime;][vc_column_text]<strong>Obligation d&rsquo;information selon l&rsquo;article 5 de la loi autrichienne sur le commerce \u00e9lectronique, l&rsquo;article 14 du Code autrichien des soci\u00e9t\u00e9s, l&rsquo;article 63 du r\u00e8glement autrichien des m\u00e9tiers, et l&rsquo;obligation de divulgation selon l&rsquo;article 25 de la loi autrichienne sur les m\u00e9dias.<\/strong>[\/vc_column_text][vc_text_separator title=\u00a0\u00bbResponsable du contenu de ce site web\u00a0\u00bb][vc_column_text]Pierre Niel<br \/>\nWimmerfeld 27<br \/>\nA-4492 Hofkirchen[\/vc_column_text][vc_row_inner][vc_column_inner width=\u00a0\u00bb1\/2&Prime;][vc_column_text]<strong>Adresse de notre site web :<\/strong> <a href=\"https:\/\/graphica.designbox.com\/fr\/\">www.graphicatelier.com<\/a>[\/vc_column_text][\/vc_column_inner][vc_column_inner width=\u00a0\u00bb1\/2&Prime;][vc_column_text]<strong>Adresse Email de contact :<\/strong> <a href=\"mailto:pierre@graphicatelier.com\" rel=\"noopener\">pierre@graphicatelier.com<\/a>[\/vc_column_text][\/vc_column_inner][\/vc_row_inner][vc_text_separator title=\u00a0\u00bbR\u00e8glement des litiges en ligne au sein de l&apos;UE\u00a0\u00bb][vc_column_text]Conform\u00e9ment au r\u00e8glement sur le r\u00e8glement en ligne des litiges en mati\u00e8re de consommation (r\u00e8glement ODR), nous souhaitons vous informer de la plateforme de r\u00e8glement des litiges en ligne (plateforme ODR).<br \/>\nLes consommateurs ont la possibilit\u00e9 de soumettre des plaintes \u00e0 la plateforme de r\u00e8glement des litiges en ligne de la Commission Europ\u00e9enne \u00e0 l\u2019adresse <a href=\"https:\/\/ec.europa.eu\/consumers\/odr\/main\/index.cfm?event=main.home2.show&amp;lng=EN\" target=\"_new\" rel=\"noopener\">https:\/\/ec.europa.eu\/<\/a>.<br \/>Les coordonn\u00e9es n\u00e9cessaires se trouvent ci-dessus dans nos mentions l\u00e9gales.<\/p>\n<p>Nous vous informons toutefois que nous ne sommes ni dispos\u00e9s ni oblig\u00e9s de participer \u00e0 des proc\u00e9dures de r\u00e8glement des litiges devant une commission d\u2019arbitrage des consommateurs.[\/vc_column_text][vc_text_separator title=\u00a0\u00bbResponsabilit\u00e9 pour le contenu de ce site web\u00a0\u00bb][vc_column_text]Nous d\u00e9veloppons en permanence le contenu de ce site web et nous effor\u00e7ons de fournir des informations exactes et \u00e0 jour. Malheureusement, nous ne pouvons pas assumer la responsabilit\u00e9 de l\u2019exactitude de tout le contenu de ce site web, en particulier pour ceux fournis par des tiers.<\/p>\n<p>Si vous remarquez des contenus probl\u00e9matiques ou illicites, nous vous prions de nous contacter imm\u00e9diatement. Vous trouverez les coordonn\u00e9es dans nos mentions l\u00e9gales.[\/vc_column_text][vc_text_separator title=\u00a0\u00bbResponsabilit\u00e9 pour les liens sur ce site web\u00a0\u00bb][vc_column_text]Notre site web contient des liens vers d\u2019autres sites web dont nous ne sommes pas responsables du contenu. Conform\u00e9ment \u00e0 l\u2019article 17 de la loi sur le commerce \u00e9lectronique (ECG), nous ne sommes pas responsables des sites li\u00e9s, car nous n\u2019avions aucune connaissance d\u2019activit\u00e9s ill\u00e9gales, nous n\u2019avons pas eu connaissance de telles violations de la loi, et nous supprimerons imm\u00e9diatement les liens d\u00e8s que des activit\u00e9s ill\u00e9gales nous seront connues.<\/p>\n<p>Si vous remarquez des liens ill\u00e9gaux sur notre site web, nous vous prions de nous contacter. Vous trouverez les coordonn\u00e9es dans nos mentions l\u00e9gales.[\/vc_column_text][vc_text_separator title=\u00a0\u00bbAvis de droits d&apos;auteur\u00a0\u00bb][vc_column_text]Tous les contenus de ce site web (images, photos, textes, vid\u00e9os) sont prot\u00e9g\u00e9s par des droits d&rsquo;auteur. Si n\u00e9cessaire, nous prendrons des mesures l\u00e9gales contre toute utilisation non autoris\u00e9e de parties du contenu de notre site.[\/vc_column_text][vc_text_separator title=\u00a0\u00bbCr\u00e9dits photos\u00a0\u00bb][vc_column_text]Les images, photos et graphiques de ce site web sont prot\u00e9g\u00e9s par des droits d&rsquo;auteur.<\/p>\n<p>Les droits sur les images appartiennent aux photographes et entreprises suivants :<br \/>\nPierre Niel<br \/>\n<a href=\"https:\/\/pixabay.com\/users\/brabusania-12852643\/\">Brabusiana<\/a>[\/vc_column_text][\/vc_column][\/vc_row]<\/p>\n<\/div>","protected":false},"excerpt":{"rendered":"<p>[vc_row][vc_column width=\u00a0\u00bb1\/1&Prime;][vc_column_text]Obligation d&rsquo;information selon l&rsquo;article 5 de la loi autrichienne sur le commerce \u00e9lectronique, l&rsquo;article 14 du Code autrichien des soci\u00e9t\u00e9s, l&rsquo;article 63 du r\u00e8glement autrichien des m\u00e9tiers, et l&rsquo;obligation de divulgation selon l&rsquo;article 25 de la loi autrichienne sur les m\u00e9dias.[\/vc_column_text][vc_text_separator title=\u00a0\u00bbResponsable du contenu de ce site web\u00a0\u00bb][vc_column_text]Pierre Niel Wimmerfeld 27 A-4492 Hofkirchen[\/vc_column_text][vc_row_inner][vc_column_inner width=\u00a0\u00bb1\/2&Prime;][vc_column_text]Adresse [&hellip;]<\/p>\n","protected":false},"author":1,"featured_media":2098,"parent":0,"menu_order":0,"comment_status":"closed","ping_status":"closed","template":"","meta":{"footnotes":""},"class_list":["post-2105","page","type-page","status-publish","has-post-thumbnail","hentry"],"yoast_head":"<!-- This site is optimized with the Yoast SEO Premium plugin v23.6 (Yoast SEO v27.1) - https:\/\/yoast.com\/product\/yoast-seo-premium-wordpress\/ -->\n<title>Mentions L\u00e9gales - graphicatelier.com<\/title>\n<meta name=\"description\" content=\"Mentions l\u00e9gales obligatoires pour graphicatelier.com conform\u00e9ment \u00e0 la loi autrichienne sur le commerce \u00e9lectronique, au code de commerce, \u00e0 la r\u00e8glementation commerciale et au droit des m\u00e9dias.\" \/>\n<meta name=\"robots\" content=\"index, follow, max-snippet:-1, max-image-preview:large, max-video-preview:-1\" \/>\n<link rel=\"canonical\" href=\"https:\/\/graphica.designbox.com\/fr\/mentions-legales\/\" \/>\n<meta property=\"og:locale\" content=\"fr_FR\" \/>\n<meta property=\"og:type\" content=\"article\" \/>\n<meta property=\"og:title\" content=\"Mentions L\u00e9gales\" \/>\n<meta property=\"og:description\" content=\"Mentions l\u00e9gales obligatoires pour graphicatelier.com conform\u00e9ment \u00e0 la loi autrichienne sur le commerce \u00e9lectronique, au code de commerce, \u00e0 la r\u00e8glementation commerciale et au droit des m\u00e9dias.\" \/>\n<meta property=\"og:url\" content=\"https:\/\/graphica.designbox.com\/fr\/mentions-legales\/\" \/>\n<meta property=\"og:site_name\" content=\"graphicatelier.com\" \/>\n<meta property=\"article:publisher\" content=\"https:\/\/www.facebook.com\/graphicateliercom\" \/>\n<meta property=\"article:modified_time\" content=\"2025-08-26T21:55:33+00:00\" \/>\n<meta property=\"og:image\" content=\"https:\/\/graphica.designbox.com\/wp-content\/uploads\/2024\/10\/Impressum-1.jpg\" \/>\n\t<meta property=\"og:image:width\" content=\"2400\" \/>\n\t<meta property=\"og:image:height\" content=\"1600\" \/>\n\t<meta property=\"og:image:type\" content=\"image\/jpeg\" \/>\n<meta name=\"twitter:card\" content=\"summary_large_image\" \/>\n<meta name=\"twitter:site\" content=\"@graphicatelier\" \/>\n<meta name=\"twitter:label1\" content=\"Dur\u00e9e de lecture estim\u00e9e\" \/>\n\t<meta name=\"twitter:data1\" content=\"3 minutes\" \/>\n<script type=\"application\/ld+json\" class=\"yoast-schema-graph\">{\"@context\":\"https:\/\/schema.org\",\"@graph\":[{\"@type\":\"WebPage\",\"@id\":\"https:\/\/graphica.designbox.com\/fr\/mentions-legales\/\",\"url\":\"https:\/\/graphica.designbox.com\/fr\/mentions-legales\/\",\"name\":\"Mentions L\u00e9gales - graphicatelier.com\",\"isPartOf\":{\"@id\":\"https:\/\/graphica.designbox.com\/fr\/#website\"},\"primaryImageOfPage\":{\"@id\":\"https:\/\/graphica.designbox.com\/fr\/mentions-legales\/#primaryimage\"},\"image\":{\"@id\":\"https:\/\/graphica.designbox.com\/fr\/mentions-legales\/#primaryimage\"},\"thumbnailUrl\":\"https:\/\/graphica.designbox.com\/wp-content\/uploads\/2024\/10\/Impressum-1.jpg\",\"datePublished\":\"2024-10-15T13:49:16+00:00\",\"dateModified\":\"2025-08-26T21:55:33+00:00\",\"description\":\"Mentions l\u00e9gales obligatoires pour graphicatelier.com conform\u00e9ment \u00e0 la loi autrichienne sur le commerce \u00e9lectronique, au code de commerce, \u00e0 la r\u00e8glementation commerciale et au droit des m\u00e9dias.\",\"breadcrumb\":{\"@id\":\"https:\/\/graphica.designbox.com\/fr\/mentions-legales\/#breadcrumb\"},\"inLanguage\":\"fr-FR\",\"potentialAction\":[{\"@type\":\"ReadAction\",\"target\":[\"https:\/\/graphica.designbox.com\/fr\/mentions-legales\/\"]}]},{\"@type\":\"ImageObject\",\"inLanguage\":\"fr-FR\",\"@id\":\"https:\/\/graphica.designbox.com\/fr\/mentions-legales\/#primaryimage\",\"url\":\"https:\/\/graphica.designbox.com\/wp-content\/uploads\/2024\/10\/Impressum-1.jpg\",\"contentUrl\":\"https:\/\/graphica.designbox.com\/wp-content\/uploads\/2024\/10\/Impressum-1.jpg\",\"width\":2400,\"height\":1600,\"caption\":\"Impressum\"},{\"@type\":\"BreadcrumbList\",\"@id\":\"https:\/\/graphica.designbox.com\/fr\/mentions-legales\/#breadcrumb\",\"itemListElement\":[{\"@type\":\"ListItem\",\"position\":1,\"name\":\"Home\",\"item\":\"https:\/\/graphica.designbox.com\/fr\/portfolio\/\"},{\"@type\":\"ListItem\",\"position\":2,\"name\":\"Mentions L\u00e9gales\"}]},{\"@type\":\"WebSite\",\"@id\":\"https:\/\/graphica.designbox.com\/fr\/#website\",\"url\":\"https:\/\/graphica.designbox.com\/fr\/\",\"name\":\"graphicatelier.com\",\"description\":\"Creative Designer - print.web.mobile\",\"publisher\":{\"@id\":\"https:\/\/graphica.designbox.com\/fr\/#organization\"},\"alternateName\":\"Pierre Niel\",\"potentialAction\":[{\"@type\":\"SearchAction\",\"target\":{\"@type\":\"EntryPoint\",\"urlTemplate\":\"https:\/\/graphica.designbox.com\/fr\/?s={search_term_string}\"},\"query-input\":{\"@type\":\"PropertyValueSpecification\",\"valueRequired\":true,\"valueName\":\"search_term_string\"}}],\"inLanguage\":\"fr-FR\"},{\"@type\":[\"Organization\",\"Place\"],\"@id\":\"https:\/\/graphica.designbox.com\/fr\/#organization\",\"name\":\"graphicatelier\",\"alternateName\":\"Pierre Niel\",\"url\":\"https:\/\/graphica.designbox.com\/fr\/\",\"logo\":{\"@id\":\"https:\/\/graphica.designbox.com\/fr\/mentions-legales\/#local-main-organization-logo\"},\"image\":{\"@id\":\"https:\/\/graphica.designbox.com\/fr\/mentions-legales\/#local-main-organization-logo\"},\"sameAs\":[\"https:\/\/www.facebook.com\/graphicateliercom\",\"https:\/\/x.com\/graphicatelier\",\"https:\/\/www.linkedin.com\/in\/pierre-niel\",\"https:\/\/www.instagram.com\/graphicateliercom\",\"https:\/\/www.paypal.me\/graphicatelier\"],\"description\":\"graphicatelier offers expert web design, branding, and digital marketing solutions. Specializing in custom logos, responsive websites, and tailored SEO strategies, we help businesses stand out and grow online. Elevate your brand with graphicatelier\u2019s creative and professional services.\",\"legalName\":\"Pierre Niel\",\"numberOfEmployees\":{\"@type\":\"QuantitativeValue\",\"minValue\":\"1\",\"maxValue\":\"10\"},\"address\":{\"@id\":\"https:\/\/graphica.designbox.com\/fr\/mentions-legales\/#local-main-place-address\"},\"geo\":{\"@type\":\"GeoCoordinates\",\"latitude\":\"48.1344152\",\"longitude\":\"14.376499\"},\"telephone\":[],\"contactPoint\":{\"@type\":\"ContactPoint\",\"telephone\":\"+43 650 956 5454\",\"email\":\"pierre@graphicatelier.com\"},\"openingHoursSpecification\":[{\"@type\":\"OpeningHoursSpecification\",\"dayOfWeek\":[\"Monday\",\"Tuesday\",\"Wednesday\",\"Thursday\",\"Friday\"],\"opens\":\"09:00\",\"closes\":\"17:00\"},{\"@type\":\"OpeningHoursSpecification\",\"dayOfWeek\":[\"Saturday\",\"Sunday\"],\"opens\":\"00:00\",\"closes\":\"00:00\"}],\"email\":\"pierre@graphicatelier.com\",\"areaServed\":\"World\"},{\"@type\":\"PostalAddress\",\"@id\":\"https:\/\/graphica.designbox.com\/fr\/mentions-legales\/#local-main-place-address\",\"streetAddress\":\"Wimmerfeld 27\",\"addressLocality\":\"Hofkirchen\",\"postalCode\":\"4492\",\"addressRegion\":\"OOe\",\"addressCountry\":\"AT\"},{\"@type\":\"ImageObject\",\"inLanguage\":\"fr-FR\",\"@id\":\"https:\/\/graphica.designbox.com\/fr\/mentions-legales\/#local-main-organization-logo\",\"url\":\"https:\/\/graphica.designbox.com\/wp-content\/uploads\/2024\/10\/logo_696.png\",\"contentUrl\":\"https:\/\/graphica.designbox.com\/wp-content\/uploads\/2024\/10\/logo_696.png\",\"width\":696,\"height\":696,\"caption\":\"graphicatelier\"}]}<\/script>\n<meta name=\"geo.placename\" content=\"Hofkirchen\" \/>\n<meta name=\"geo.position\" content=\"48.1344152;14.376499\" \/>\n<meta name=\"geo.region\" content=\"Autriche\" \/>\n<!-- \/ Yoast SEO Premium plugin. -->","yoast_head_json":{"title":"Mentions L\u00e9gales - graphicatelier.com","description":"Mentions l\u00e9gales obligatoires pour graphicatelier.com conform\u00e9ment \u00e0 la loi autrichienne sur le commerce \u00e9lectronique, au code de commerce, \u00e0 la r\u00e8glementation commerciale et au droit des m\u00e9dias.","robots":{"index":"index","follow":"follow","max-snippet":"max-snippet:-1","max-image-preview":"max-image-preview:large","max-video-preview":"max-video-preview:-1"},"canonical":"https:\/\/graphica.designbox.com\/fr\/mentions-legales\/","og_locale":"fr_FR","og_type":"article","og_title":"Mentions L\u00e9gales","og_description":"Mentions l\u00e9gales obligatoires pour graphicatelier.com conform\u00e9ment \u00e0 la loi autrichienne sur le commerce \u00e9lectronique, au code de commerce, \u00e0 la r\u00e8glementation commerciale et au droit des m\u00e9dias.","og_url":"https:\/\/graphica.designbox.com\/fr\/mentions-legales\/","og_site_name":"graphicatelier.com","article_publisher":"https:\/\/www.facebook.com\/graphicateliercom","article_modified_time":"2025-08-26T21:55:33+00:00","og_image":[{"width":2400,"height":1600,"url":"https:\/\/graphica.designbox.com\/wp-content\/uploads\/2024\/10\/Impressum-1.jpg","type":"image\/jpeg"}],"twitter_card":"summary_large_image","twitter_site":"@graphicatelier","twitter_misc":{"Dur\u00e9e de lecture estim\u00e9e":"3 minutes"},"schema":{"@context":"https:\/\/schema.org","@graph":[{"@type":"WebPage","@id":"https:\/\/graphica.designbox.com\/fr\/mentions-legales\/","url":"https:\/\/graphica.designbox.com\/fr\/mentions-legales\/","name":"Mentions L\u00e9gales - graphicatelier.com","isPartOf":{"@id":"https:\/\/graphica.designbox.com\/fr\/#website"},"primaryImageOfPage":{"@id":"https:\/\/graphica.designbox.com\/fr\/mentions-legales\/#primaryimage"},"image":{"@id":"https:\/\/graphica.designbox.com\/fr\/mentions-legales\/#primaryimage"},"thumbnailUrl":"https:\/\/graphica.designbox.com\/wp-content\/uploads\/2024\/10\/Impressum-1.jpg","datePublished":"2024-10-15T13:49:16+00:00","dateModified":"2025-08-26T21:55:33+00:00","description":"Mentions l\u00e9gales obligatoires pour graphicatelier.com conform\u00e9ment \u00e0 la loi autrichienne sur le commerce \u00e9lectronique, au code de commerce, \u00e0 la r\u00e8glementation commerciale et au droit des m\u00e9dias.","breadcrumb":{"@id":"https:\/\/graphica.designbox.com\/fr\/mentions-legales\/#breadcrumb"},"inLanguage":"fr-FR","potentialAction":[{"@type":"ReadAction","target":["https:\/\/graphica.designbox.com\/fr\/mentions-legales\/"]}]},{"@type":"ImageObject","inLanguage":"fr-FR","@id":"https:\/\/graphica.designbox.com\/fr\/mentions-legales\/#primaryimage","url":"https:\/\/graphica.designbox.com\/wp-content\/uploads\/2024\/10\/Impressum-1.jpg","contentUrl":"https:\/\/graphica.designbox.com\/wp-content\/uploads\/2024\/10\/Impressum-1.jpg","width":2400,"height":1600,"caption":"Impressum"},{"@type":"BreadcrumbList","@id":"https:\/\/graphica.designbox.com\/fr\/mentions-legales\/#breadcrumb","itemListElement":[{"@type":"ListItem","position":1,"name":"Home","item":"https:\/\/graphica.designbox.com\/fr\/portfolio\/"},{"@type":"ListItem","position":2,"name":"Mentions L\u00e9gales"}]},{"@type":"WebSite","@id":"https:\/\/graphica.designbox.com\/fr\/#website","url":"https:\/\/graphica.designbox.com\/fr\/","name":"graphicatelier.com","description":"Creative Designer - print.web.mobile","publisher":{"@id":"https:\/\/graphica.designbox.com\/fr\/#organization"},"alternateName":"Pierre Niel","potentialAction":[{"@type":"SearchAction","target":{"@type":"EntryPoint","urlTemplate":"https:\/\/graphica.designbox.com\/fr\/?s={search_term_string}"},"query-input":{"@type":"PropertyValueSpecification","valueRequired":true,"valueName":"search_term_string"}}],"inLanguage":"fr-FR"},{"@type":["Organization","Place"],"@id":"https:\/\/graphica.designbox.com\/fr\/#organization","name":"graphicatelier","alternateName":"Pierre Niel","url":"https:\/\/graphica.designbox.com\/fr\/","logo":{"@id":"https:\/\/graphica.designbox.com\/fr\/mentions-legales\/#local-main-organization-logo"},"image":{"@id":"https:\/\/graphica.designbox.com\/fr\/mentions-legales\/#local-main-organization-logo"},"sameAs":["https:\/\/www.facebook.com\/graphicateliercom","https:\/\/x.com\/graphicatelier","https:\/\/www.linkedin.com\/in\/pierre-niel","https:\/\/www.instagram.com\/graphicateliercom","https:\/\/www.paypal.me\/graphicatelier"],"description":"graphicatelier offers expert web design, branding, and digital marketing solutions. Specializing in custom logos, responsive websites, and tailored SEO strategies, we help businesses stand out and grow online. Elevate your brand with graphicatelier\u2019s creative and professional services.","legalName":"Pierre Niel","numberOfEmployees":{"@type":"QuantitativeValue","minValue":"1","maxValue":"10"},"address":{"@id":"https:\/\/graphica.designbox.com\/fr\/mentions-legales\/#local-main-place-address"},"geo":{"@type":"GeoCoordinates","latitude":"48.1344152","longitude":"14.376499"},"telephone":[],"contactPoint":{"@type":"ContactPoint","telephone":"+43 650 956 5454","email":"pierre@graphicatelier.com"},"openingHoursSpecification":[{"@type":"OpeningHoursSpecification","dayOfWeek":["Monday","Tuesday","Wednesday","Thursday","Friday"],"opens":"09:00","closes":"17:00"},{"@type":"OpeningHoursSpecification","dayOfWeek":["Saturday","Sunday"],"opens":"00:00","closes":"00:00"}],"email":"pierre@graphicatelier.com","areaServed":"World"},{"@type":"PostalAddress","@id":"https:\/\/graphica.designbox.com\/fr\/mentions-legales\/#local-main-place-address","streetAddress":"Wimmerfeld 27","addressLocality":"Hofkirchen","postalCode":"4492","addressRegion":"OOe","addressCountry":"AT"},{"@type":"ImageObject","inLanguage":"fr-FR","@id":"https:\/\/graphica.designbox.com\/fr\/mentions-legales\/#local-main-organization-logo","url":"https:\/\/graphica.designbox.com\/wp-content\/uploads\/2024\/10\/logo_696.png","contentUrl":"https:\/\/graphica.designbox.com\/wp-content\/uploads\/2024\/10\/logo_696.png","width":696,"height":696,"caption":"graphicatelier"}]},"geo.placename":"Hofkirchen","geo.position":{"lat":"48.1344152","long":"14.376499"},"geo.region":"Autriche"},"_links":{"self":[{"href":"https:\/\/graphica.designbox.com\/fr\/wp-json\/wp\/v2\/pages\/2105","targetHints":{"allow":["GET"]}}],"collection":[{"href":"https:\/\/graphica.designbox.com\/fr\/wp-json\/wp\/v2\/pages"}],"about":[{"href":"https:\/\/graphica.designbox.com\/fr\/wp-json\/wp\/v2\/types\/page"}],"author":[{"embeddable":true,"href":"https:\/\/graphica.designbox.com\/fr\/wp-json\/wp\/v2\/users\/1"}],"replies":[{"embeddable":true,"href":"https:\/\/graphica.designbox.com\/fr\/wp-json\/wp\/v2\/comments?post=2105"}],"version-history":[{"count":5,"href":"https:\/\/graphica.designbox.com\/fr\/wp-json\/wp\/v2\/pages\/2105\/revisions"}],"predecessor-version":[{"id":2246,"href":"https:\/\/graphica.designbox.com\/fr\/wp-json\/wp\/v2\/pages\/2105\/revisions\/2246"}],"wp:featuredmedia":[{"embeddable":true,"href":"https:\/\/graphica.designbox.com\/fr\/wp-json\/wp\/v2\/media\/2098"}],"wp:attachment":[{"href":"https:\/\/graphica.designbox.com\/fr\/wp-json\/wp\/v2\/media?parent=2105"}],"curies":[{"name":"wp","href":"https:\/\/api.w.org\/{rel}","templated":true}]}}