{"id":1115,"date":"2022-09-22T12:23:10","date_gmt":"2022-09-22T12:23:10","guid":{"rendered":"https:\/\/graphica.designbox.com\/portfolio\/"},"modified":"2024-12-12T09:47:38","modified_gmt":"2024-12-12T09:47:38","slug":"portfolio","status":"publish","type":"page","link":"https:\/\/graphica.designbox.com\/fr\/","title":{"rendered":"Portfolio"},"content":{"rendered":"<div class=\"wpb-content-wrapper\"><p>[vc_row][vc_column width=\u00a0\u00bb1\/1&Prime;][\/vc_column][\/vc_row]<\/p>\n<\/div>","protected":false},"excerpt":{"rendered":"<p>[vc_row][vc_column width=\u00a0\u00bb1\/1&Prime;][\/vc_column][\/vc_row]<\/p>\n","protected":false},"author":1,"featured_media":0,"parent":0,"menu_order":0,"comment_status":"closed","ping_status":"closed","template":"template-portfolio.php","meta":{"footnotes":""},"class_list":["post-1115","page","type-page","status-publish","hentry"],"yoast_head":"<!-- This site is optimized with the Yoast SEO Premium plugin v23.6 (Yoast SEO v27.1) - https:\/\/yoast.com\/product\/yoast-seo-premium-wordpress\/ -->\n<title>Graphicatelier - Webdesign, Branding, SEO plus encore.<\/title>\n<meta name=\"description\" content=\"Concepteur graphique et Web cr\u00e9atif ind\u00e9pendant, d\u00e9veloppeur Wordpress, services de branding, de r\u00e9f\u00e9rencement, d&#039;optimisation de sites Web et de conformit\u00e9 au RGPD.\" \/>\n<meta name=\"robots\" content=\"index, follow, max-snippet:-1, max-image-preview:large, max-video-preview:-1\" \/>\n<link rel=\"canonical\" href=\"https:\/\/graphica.designbox.com\/fr\/\" \/>\n<meta property=\"og:locale\" content=\"fr_FR\" \/>\n<meta property=\"og:type\" content=\"article\" \/>\n<meta property=\"og:title\" content=\"Portfolio\" \/>\n<meta property=\"og:description\" content=\"Concepteur graphique et Web cr\u00e9atif ind\u00e9pendant, d\u00e9veloppeur Wordpress, services de branding, de r\u00e9f\u00e9rencement, d&#039;optimisation de sites Web et de conformit\u00e9 au RGPD.\" \/>\n<meta property=\"og:url\" content=\"https:\/\/graphica.designbox.com\/fr\/\" \/>\n<meta property=\"og:site_name\" content=\"graphicatelier.com\" \/>\n<meta property=\"article:publisher\" content=\"https:\/\/www.facebook.com\/graphicateliercom\" \/>\n<meta property=\"article:modified_time\" content=\"2024-12-12T09:47:38+00:00\" \/>\n<meta property=\"og:image\" content=\"https:\/\/graphica.designbox.com\/wp-content\/uploads\/2024\/10\/Website_ProfilBG.jpg\" \/>\n\t<meta property=\"og:image:width\" content=\"1200\" \/>\n\t<meta property=\"og:image:height\" content=\"675\" \/>\n\t<meta property=\"og:image:type\" content=\"image\/jpeg\" \/>\n<meta name=\"twitter:card\" content=\"summary_large_image\" \/>\n<meta name=\"twitter:site\" content=\"@graphicatelier\" \/>\n<script type=\"application\/ld+json\" class=\"yoast-schema-graph\">{\"@context\":\"https:\/\/schema.org\",\"@graph\":[{\"@type\":\"WebPage\",\"@id\":\"https:\/\/graphica.designbox.com\/fr\/\",\"url\":\"https:\/\/graphica.designbox.com\/fr\/\",\"name\":\"Graphicatelier - Webdesign, Branding, SEO plus encore.\",\"isPartOf\":{\"@id\":\"https:\/\/graphica.designbox.com\/fr\/#website\"},\"datePublished\":\"2022-09-22T12:23:10+00:00\",\"dateModified\":\"2024-12-12T09:47:38+00:00\",\"description\":\"Concepteur graphique et Web cr\u00e9atif ind\u00e9pendant, d\u00e9veloppeur Wordpress, services de branding, de r\u00e9f\u00e9rencement, d'optimisation de sites Web et de conformit\u00e9 au RGPD.\",\"breadcrumb\":{\"@id\":\"https:\/\/graphica.designbox.com\/fr\/#breadcrumb\"},\"inLanguage\":\"fr-FR\",\"potentialAction\":[{\"@type\":\"ReadAction\",\"target\":[\"https:\/\/graphica.designbox.com\/fr\/\"]}]},{\"@type\":\"BreadcrumbList\",\"@id\":\"https:\/\/graphica.designbox.com\/fr\/#breadcrumb\",\"itemListElement\":[{\"@type\":\"ListItem\",\"position\":1,\"name\":\"Home\",\"item\":\"https:\/\/graphica.designbox.com\/fr\/portfolio\/\"},{\"@type\":\"ListItem\",\"position\":2,\"name\":\"Portfolio\"}]},{\"@type\":\"WebSite\",\"@id\":\"https:\/\/graphica.designbox.com\/fr\/#website\",\"url\":\"https:\/\/graphica.designbox.com\/fr\/\",\"name\":\"graphicatelier.com\",\"description\":\"Creative Designer - print.web.mobile\",\"publisher\":{\"@id\":\"https:\/\/graphica.designbox.com\/fr\/#organization\"},\"alternateName\":\"Pierre Niel\",\"potentialAction\":[{\"@type\":\"SearchAction\",\"target\":{\"@type\":\"EntryPoint\",\"urlTemplate\":\"https:\/\/graphica.designbox.com\/fr\/?s={search_term_string}\"},\"query-input\":{\"@type\":\"PropertyValueSpecification\",\"valueRequired\":true,\"valueName\":\"search_term_string\"}}],\"inLanguage\":\"fr-FR\"},{\"@type\":[\"Organization\",\"Place\"],\"@id\":\"https:\/\/graphica.designbox.com\/fr\/#organization\",\"name\":\"graphicatelier\",\"alternateName\":\"Pierre Niel\",\"url\":\"https:\/\/graphica.designbox.com\/fr\/\",\"logo\":{\"@id\":\"https:\/\/graphica.designbox.com\/fr\/#local-main-organization-logo\"},\"image\":{\"@id\":\"https:\/\/graphica.designbox.com\/fr\/#local-main-organization-logo\"},\"sameAs\":[\"https:\/\/www.facebook.com\/graphicateliercom\",\"https:\/\/x.com\/graphicatelier\",\"https:\/\/www.linkedin.com\/in\/pierre-niel\",\"https:\/\/www.instagram.com\/graphicateliercom\",\"https:\/\/www.paypal.me\/graphicatelier\"],\"description\":\"graphicatelier offers expert web design, branding, and digital marketing solutions. Specializing in custom logos, responsive websites, and tailored SEO strategies, we help businesses stand out and grow online. Elevate your brand with graphicatelier\u2019s creative and professional services.\",\"legalName\":\"Pierre Niel\",\"numberOfEmployees\":{\"@type\":\"QuantitativeValue\",\"minValue\":\"1\",\"maxValue\":\"10\"},\"address\":{\"@id\":\"https:\/\/graphica.designbox.com\/fr\/#local-main-place-address\"},\"geo\":{\"@type\":\"GeoCoordinates\",\"latitude\":\"48.1344152\",\"longitude\":\"14.376499\"},\"telephone\":[],\"contactPoint\":{\"@type\":\"ContactPoint\",\"telephone\":\"+43 650 956 5454\",\"email\":\"pierre@graphicatelier.com\"},\"openingHoursSpecification\":[{\"@type\":\"OpeningHoursSpecification\",\"dayOfWeek\":[\"Monday\",\"Tuesday\",\"Wednesday\",\"Thursday\",\"Friday\"],\"opens\":\"09:00\",\"closes\":\"17:00\"},{\"@type\":\"OpeningHoursSpecification\",\"dayOfWeek\":[\"Saturday\",\"Sunday\"],\"opens\":\"00:00\",\"closes\":\"00:00\"}],\"email\":\"pierre@graphicatelier.com\",\"areaServed\":\"World\"},{\"@type\":\"PostalAddress\",\"@id\":\"https:\/\/graphica.designbox.com\/fr\/#local-main-place-address\",\"streetAddress\":\"Wimmerfeld 27\",\"addressLocality\":\"Hofkirchen\",\"postalCode\":\"4492\",\"addressRegion\":\"OOe\",\"addressCountry\":\"AT\"},{\"@type\":\"ImageObject\",\"inLanguage\":\"fr-FR\",\"@id\":\"https:\/\/graphica.designbox.com\/fr\/#local-main-organization-logo\",\"url\":\"https:\/\/graphica.designbox.com\/wp-content\/uploads\/2024\/10\/logo_696.png\",\"contentUrl\":\"https:\/\/graphica.designbox.com\/wp-content\/uploads\/2024\/10\/logo_696.png\",\"width\":696,\"height\":696,\"caption\":\"graphicatelier\"}]}<\/script>\n<meta name=\"geo.placename\" content=\"Hofkirchen\" \/>\n<meta name=\"geo.position\" content=\"48.1344152;14.376499\" \/>\n<meta name=\"geo.region\" content=\"Autriche\" \/>\n<!-- \/ Yoast SEO Premium plugin. -->","yoast_head_json":{"title":"Graphicatelier - Webdesign, Branding, SEO plus encore.","description":"Concepteur graphique et Web cr\u00e9atif ind\u00e9pendant, d\u00e9veloppeur Wordpress, services de branding, de r\u00e9f\u00e9rencement, d'optimisation de sites Web et de conformit\u00e9 au RGPD.","robots":{"index":"index","follow":"follow","max-snippet":"max-snippet:-1","max-image-preview":"max-image-preview:large","max-video-preview":"max-video-preview:-1"},"canonical":"https:\/\/graphica.designbox.com\/fr\/","og_locale":"fr_FR","og_type":"article","og_title":"Portfolio","og_description":"Concepteur graphique et Web cr\u00e9atif ind\u00e9pendant, d\u00e9veloppeur Wordpress, services de branding, de r\u00e9f\u00e9rencement, d'optimisation de sites Web et de conformit\u00e9 au RGPD.","og_url":"https:\/\/graphica.designbox.com\/fr\/","og_site_name":"graphicatelier.com","article_publisher":"https:\/\/www.facebook.com\/graphicateliercom","article_modified_time":"2024-12-12T09:47:38+00:00","og_image":[{"width":1200,"height":675,"url":"https:\/\/graphica.designbox.com\/wp-content\/uploads\/2024\/10\/Website_ProfilBG.jpg","type":"image\/jpeg"}],"twitter_card":"summary_large_image","twitter_site":"@graphicatelier","schema":{"@context":"https:\/\/schema.org","@graph":[{"@type":"WebPage","@id":"https:\/\/graphica.designbox.com\/fr\/","url":"https:\/\/graphica.designbox.com\/fr\/","name":"Graphicatelier - Webdesign, Branding, SEO plus encore.","isPartOf":{"@id":"https:\/\/graphica.designbox.com\/fr\/#website"},"datePublished":"2022-09-22T12:23:10+00:00","dateModified":"2024-12-12T09:47:38+00:00","description":"Concepteur graphique et Web cr\u00e9atif ind\u00e9pendant, d\u00e9veloppeur Wordpress, services de branding, de r\u00e9f\u00e9rencement, d'optimisation de sites Web et de conformit\u00e9 au RGPD.","breadcrumb":{"@id":"https:\/\/graphica.designbox.com\/fr\/#breadcrumb"},"inLanguage":"fr-FR","potentialAction":[{"@type":"ReadAction","target":["https:\/\/graphica.designbox.com\/fr\/"]}]},{"@type":"BreadcrumbList","@id":"https:\/\/graphica.designbox.com\/fr\/#breadcrumb","itemListElement":[{"@type":"ListItem","position":1,"name":"Home","item":"https:\/\/graphica.designbox.com\/fr\/portfolio\/"},{"@type":"ListItem","position":2,"name":"Portfolio"}]},{"@type":"WebSite","@id":"https:\/\/graphica.designbox.com\/fr\/#website","url":"https:\/\/graphica.designbox.com\/fr\/","name":"graphicatelier.com","description":"Creative Designer - print.web.mobile","publisher":{"@id":"https:\/\/graphica.designbox.com\/fr\/#organization"},"alternateName":"Pierre Niel","potentialAction":[{"@type":"SearchAction","target":{"@type":"EntryPoint","urlTemplate":"https:\/\/graphica.designbox.com\/fr\/?s={search_term_string}"},"query-input":{"@type":"PropertyValueSpecification","valueRequired":true,"valueName":"search_term_string"}}],"inLanguage":"fr-FR"},{"@type":["Organization","Place"],"@id":"https:\/\/graphica.designbox.com\/fr\/#organization","name":"graphicatelier","alternateName":"Pierre Niel","url":"https:\/\/graphica.designbox.com\/fr\/","logo":{"@id":"https:\/\/graphica.designbox.com\/fr\/#local-main-organization-logo"},"image":{"@id":"https:\/\/graphica.designbox.com\/fr\/#local-main-organization-logo"},"sameAs":["https:\/\/www.facebook.com\/graphicateliercom","https:\/\/x.com\/graphicatelier","https:\/\/www.linkedin.com\/in\/pierre-niel","https:\/\/www.instagram.com\/graphicateliercom","https:\/\/www.paypal.me\/graphicatelier"],"description":"graphicatelier offers expert web design, branding, and digital marketing solutions. Specializing in custom logos, responsive websites, and tailored SEO strategies, we help businesses stand out and grow online. Elevate your brand with graphicatelier\u2019s creative and professional services.","legalName":"Pierre Niel","numberOfEmployees":{"@type":"QuantitativeValue","minValue":"1","maxValue":"10"},"address":{"@id":"https:\/\/graphica.designbox.com\/fr\/#local-main-place-address"},"geo":{"@type":"GeoCoordinates","latitude":"48.1344152","longitude":"14.376499"},"telephone":[],"contactPoint":{"@type":"ContactPoint","telephone":"+43 650 956 5454","email":"pierre@graphicatelier.com"},"openingHoursSpecification":[{"@type":"OpeningHoursSpecification","dayOfWeek":["Monday","Tuesday","Wednesday","Thursday","Friday"],"opens":"09:00","closes":"17:00"},{"@type":"OpeningHoursSpecification","dayOfWeek":["Saturday","Sunday"],"opens":"00:00","closes":"00:00"}],"email":"pierre@graphicatelier.com","areaServed":"World"},{"@type":"PostalAddress","@id":"https:\/\/graphica.designbox.com\/fr\/#local-main-place-address","streetAddress":"Wimmerfeld 27","addressLocality":"Hofkirchen","postalCode":"4492","addressRegion":"OOe","addressCountry":"AT"},{"@type":"ImageObject","inLanguage":"fr-FR","@id":"https:\/\/graphica.designbox.com\/fr\/#local-main-organization-logo","url":"https:\/\/graphica.designbox.com\/wp-content\/uploads\/2024\/10\/logo_696.png","contentUrl":"https:\/\/graphica.designbox.com\/wp-content\/uploads\/2024\/10\/logo_696.png","width":696,"height":696,"caption":"graphicatelier"}]},"geo.placename":"Hofkirchen","geo.position":{"lat":"48.1344152","long":"14.376499"},"geo.region":"Autriche"},"_links":{"self":[{"href":"https:\/\/graphica.designbox.com\/fr\/wp-json\/wp\/v2\/pages\/1115","targetHints":{"allow":["GET"]}}],"collection":[{"href":"https:\/\/graphica.designbox.com\/fr\/wp-json\/wp\/v2\/pages"}],"about":[{"href":"https:\/\/graphica.designbox.com\/fr\/wp-json\/wp\/v2\/types\/page"}],"author":[{"embeddable":true,"href":"https:\/\/graphica.designbox.com\/fr\/wp-json\/wp\/v2\/users\/1"}],"replies":[{"embeddable":true,"href":"https:\/\/graphica.designbox.com\/fr\/wp-json\/wp\/v2\/comments?post=1115"}],"version-history":[{"count":3,"href":"https:\/\/graphica.designbox.com\/fr\/wp-json\/wp\/v2\/pages\/1115\/revisions"}],"predecessor-version":[{"id":2213,"href":"https:\/\/graphica.designbox.com\/fr\/wp-json\/wp\/v2\/pages\/1115\/revisions\/2213"}],"wp:attachment":[{"href":"https:\/\/graphica.designbox.com\/fr\/wp-json\/wp\/v2\/media?parent=1115"}],"curies":[{"name":"wp","href":"https:\/\/api.w.org\/{rel}","templated":true}]}}