{"id":2108,"date":"2024-10-15T13:53:50","date_gmt":"2024-10-15T13:53:50","guid":{"rendered":"https:\/\/graphica.designbox.com\/impressum\/"},"modified":"2025-08-26T21:59:35","modified_gmt":"2025-08-26T21:59:35","slug":"impressum","status":"publish","type":"page","link":"https:\/\/graphica.designbox.com\/de\/impressum\/","title":{"rendered":"Impressum"},"content":{"rendered":"<div class=\"wpb-content-wrapper\"><p>[vc_row][vc_column width=&#8220;1\/1&#8243;][vc_column_text]<strong>Informationspflicht laut \u00a75 E-Commerce Gesetz, \u00a714 Unternehmensgesetzbuch, \u00a763 Gewerbeordnung und Offenlegungspflicht laut \u00a725 Mediengesetz.<\/strong>[\/vc_column_text][vc_text_separator title=&#8220;Verantwortlich f\u00fcr den Inhalt dieser Webseite&#8220;][vc_column_text]Pierre Niel<br \/>\nWimmerfeld 27<br \/>\nA-4492 Hofkirchen[\/vc_column_text][vc_row_inner][vc_column_inner width=&#8220;1\/2&#8243;][vc_column_text]<strong>Die Adresse unserer Website is:<\/strong> <a href=\"https:\/\/graphica.designbox.com\/de\/\">www.graphicatelier.com<\/a>[\/vc_column_text][\/vc_column_inner][vc_column_inner width=&#8220;1\/2&#8243;][vc_column_text]<strong>Kontakt Email Adresse:<\/strong> <a href=\"mailto:pierre@graphicatelier.com\" rel=\"noopener\">pierre@graphicatelier.com<\/a>[\/vc_column_text][\/vc_column_inner][\/vc_row_inner][vc_text_separator title=&#8220;EU-Streitschlichtung&#8220;][vc_column_text]Gem\u00e4\u00df Verordnung \u00fcber Online-Streitbeilegung in Verbraucherangelegenheiten (ODR-Verordnung) m\u00f6chten wir Sie \u00fcber die Online-Streitbeilegungsplattform (ODR-Plattform) informieren.<br \/>\nVerbraucher haben die M\u00f6glichkeit, Beschwerden an die Online Streitbeilegungsplattform der Europ\u00e4ischen Kommission unter <a href=\"https:\/\/ec.europa.eu\/consumers\/odr\/main\/index.cfm?event=main.home2.show&amp;lng=EN\" target=\"_new\" rel=\"noopener\">https:\/\/ec.europa.eu\/<\/a> zu richten. Die daf\u00fcr notwendigen Kontaktdaten finden Sie oberhalb in unserem Impressum.<\/p>\n<p>Wir m\u00f6chten Sie jedoch darauf hinweisen, dass wir nicht bereit oder verpflichtet sind, an Streitbeilegungsverfahren vor einer Verbraucherschlichtungsstelle teilzunehmen.[\/vc_column_text][vc_text_separator title=&#8220;Haftung f\u00fcr Inhalte dieser Webseite&#8220;][vc_column_text]Wir entwickeln die Inhalte dieser Webseite st\u00e4ndig weiter und bem\u00fchen uns korrekte und aktuelle Informationen bereitzustellen. Leider k\u00f6nnen wir keine Haftung f\u00fcr die Korrektheit aller Inhalte auf dieser Webseite \u00fcbernehmen, speziell f\u00fcr jene die seitens Dritter bereitgestellt wurden.<\/p>\n<p>Sollten Ihnen problematische oder rechtswidrige Inhalte auffallen, bitte wir Sie uns umgehend zu kontaktieren, Sie finden die Kontaktdaten im Impressum.[\/vc_column_text][vc_text_separator title=&#8220;Haftung f\u00fcr Links auf dieser Webseite&#8220;][vc_column_text]Unsere Webseite enth\u00e4lt Links zu anderen Webseiten f\u00fcr deren Inhalt wir nicht verantwortlich sind. Haftung f\u00fcr verlinkte Websites besteht laut \u00a7 17 ECG f\u00fcr uns nicht, da wir keine Kenntnis rechtswidriger T\u00e4tigkeiten hatten und haben, uns solche Rechtswidrigkeiten auch bisher nicht aufgefallen sind und wir Links sofort entfernen w\u00fcrden, wenn uns Rechtswidrigkeiten bekannt werden.<\/p>\n<p>Wenn Ihnen rechtswidrige Links auf unserer Website auffallen, bitte wir Sie uns zu kontaktieren, Sie finden die Kontaktdaten im Impressum.[\/vc_column_text][vc_text_separator title=&#8220;Urheberrechtshinweis&#8220;][vc_column_text]Alle Inhalte dieser Webseite (Bilder, Fotos, Texte, Videos) unterliegen dem Urheberrecht. Falls notwendig, werden wir die unerlaubte Nutzung von Teilen der Inhalte unserer Seite rechtlich verfolgen.[\/vc_column_text][vc_text_separator title=&#8220;Bildernachweis&#8220;][vc_column_text]Die Bilder, Fotos und Grafiken auf dieser Webseite sind urheberrechtlich gesch\u00fctzt.<br \/>\nDie Bilderrechte liegen bei den folgenden Fotografen und Unternehmen:<\/p>\n<p>Pierre Niel<br \/>\n<a href=\"https:\/\/pixabay.com\/users\/brabusania-12852643\/\">Brabusiana<\/a>[\/vc_column_text][\/vc_column][\/vc_row]<\/p>\n<\/div>","protected":false},"excerpt":{"rendered":"<p>[vc_row][vc_column width=&#8220;1\/1&#8243;][vc_column_text]Informationspflicht laut \u00a75 E-Commerce Gesetz, \u00a714 Unternehmensgesetzbuch, \u00a763 Gewerbeordnung und Offenlegungspflicht laut \u00a725 Mediengesetz.[\/vc_column_text][vc_text_separator title=&#8220;Verantwortlich f\u00fcr den Inhalt dieser Webseite&#8220;][vc_column_text]Pierre Niel Wimmerfeld 27 A-4492 Hofkirchen[\/vc_column_text][vc_row_inner][vc_column_inner width=&#8220;1\/2&#8243;][vc_column_text]Die Adresse unserer Website is: www.graphicatelier.com[\/vc_column_text][\/vc_column_inner][vc_column_inner width=&#8220;1\/2&#8243;][vc_column_text]Kontakt Email Adresse: pierre@graphicatelier.com[\/vc_column_text][\/vc_column_inner][\/vc_row_inner][vc_text_separator title=&#8220;EU-Streitschlichtung&#8220;][vc_column_text]Gem\u00e4\u00df Verordnung \u00fcber Online-Streitbeilegung in Verbraucherangelegenheiten (ODR-Verordnung) m\u00f6chten wir Sie \u00fcber die Online-Streitbeilegungsplattform (ODR-Plattform) informieren. Verbraucher haben die M\u00f6glichkeit, [&hellip;]<\/p>\n","protected":false},"author":1,"featured_media":2099,"parent":0,"menu_order":0,"comment_status":"closed","ping_status":"closed","template":"","meta":{"footnotes":""},"class_list":["post-2108","page","type-page","status-publish","has-post-thumbnail","hentry"],"yoast_head":"<!-- This site is optimized with the Yoast SEO Premium plugin v23.6 (Yoast SEO v27.1) - https:\/\/yoast.com\/product\/yoast-seo-premium-wordpress\/ -->\n<title>Impressum - graphicatelier.com<\/title>\n<meta name=\"description\" content=\"Pflichtangaben f\u00fcr graphicatelier.com gem\u00e4\u00df ECG, Unternehmensgesetzbuch, Gewerbeordnung und Mediengesetz.\" \/>\n<meta name=\"robots\" content=\"index, follow, max-snippet:-1, max-image-preview:large, max-video-preview:-1\" \/>\n<link rel=\"canonical\" href=\"https:\/\/graphica.designbox.com\/de\/impressum\/\" \/>\n<meta property=\"og:locale\" content=\"de_DE\" \/>\n<meta property=\"og:type\" content=\"article\" \/>\n<meta property=\"og:title\" content=\"Impressum\" \/>\n<meta property=\"og:description\" content=\"Pflichtangaben f\u00fcr graphicatelier.com gem\u00e4\u00df ECG, Unternehmensgesetzbuch, Gewerbeordnung und Mediengesetz.\" \/>\n<meta property=\"og:url\" content=\"https:\/\/graphica.designbox.com\/de\/impressum\/\" \/>\n<meta property=\"og:site_name\" content=\"graphicatelier.com\" \/>\n<meta property=\"article:publisher\" content=\"https:\/\/www.facebook.com\/graphicateliercom\" \/>\n<meta property=\"article:modified_time\" content=\"2025-08-26T21:59:35+00:00\" \/>\n<meta property=\"og:image\" content=\"https:\/\/graphica.designbox.com\/wp-content\/uploads\/2024\/10\/Impressum-1.jpg\" \/>\n\t<meta property=\"og:image:width\" content=\"2400\" \/>\n\t<meta property=\"og:image:height\" content=\"1600\" \/>\n\t<meta property=\"og:image:type\" content=\"image\/jpeg\" \/>\n<meta name=\"twitter:card\" content=\"summary_large_image\" \/>\n<meta name=\"twitter:site\" content=\"@graphicatelier\" \/>\n<meta name=\"twitter:label1\" content=\"Gesch\u00e4tzte Lesezeit\" \/>\n\t<meta name=\"twitter:data1\" content=\"2\u00a0Minuten\" \/>\n<script type=\"application\/ld+json\" class=\"yoast-schema-graph\">{\"@context\":\"https:\/\/schema.org\",\"@graph\":[{\"@type\":\"WebPage\",\"@id\":\"https:\/\/graphica.designbox.com\/de\/impressum\/\",\"url\":\"https:\/\/graphica.designbox.com\/de\/impressum\/\",\"name\":\"Impressum - graphicatelier.com\",\"isPartOf\":{\"@id\":\"https:\/\/graphica.designbox.com\/de\/#website\"},\"primaryImageOfPage\":{\"@id\":\"https:\/\/graphica.designbox.com\/de\/impressum\/#primaryimage\"},\"image\":{\"@id\":\"https:\/\/graphica.designbox.com\/de\/impressum\/#primaryimage\"},\"thumbnailUrl\":\"https:\/\/graphica.designbox.com\/wp-content\/uploads\/2024\/10\/Impressum-1.jpg\",\"datePublished\":\"2024-10-15T13:53:50+00:00\",\"dateModified\":\"2025-08-26T21:59:35+00:00\",\"description\":\"Pflichtangaben f\u00fcr graphicatelier.com gem\u00e4\u00df ECG, Unternehmensgesetzbuch, Gewerbeordnung und Mediengesetz.\",\"breadcrumb\":{\"@id\":\"https:\/\/graphica.designbox.com\/de\/impressum\/#breadcrumb\"},\"inLanguage\":\"de\",\"potentialAction\":[{\"@type\":\"ReadAction\",\"target\":[\"https:\/\/graphica.designbox.com\/de\/impressum\/\"]}]},{\"@type\":\"ImageObject\",\"inLanguage\":\"de\",\"@id\":\"https:\/\/graphica.designbox.com\/de\/impressum\/#primaryimage\",\"url\":\"https:\/\/graphica.designbox.com\/wp-content\/uploads\/2024\/10\/Impressum-1.jpg\",\"contentUrl\":\"https:\/\/graphica.designbox.com\/wp-content\/uploads\/2024\/10\/Impressum-1.jpg\",\"width\":2400,\"height\":1600,\"caption\":\"Impressum\"},{\"@type\":\"BreadcrumbList\",\"@id\":\"https:\/\/graphica.designbox.com\/de\/impressum\/#breadcrumb\",\"itemListElement\":[{\"@type\":\"ListItem\",\"position\":1,\"name\":\"Home\",\"item\":\"https:\/\/graphica.designbox.com\/de\/portfolio\/\"},{\"@type\":\"ListItem\",\"position\":2,\"name\":\"Impressum\"}]},{\"@type\":\"WebSite\",\"@id\":\"https:\/\/graphica.designbox.com\/de\/#website\",\"url\":\"https:\/\/graphica.designbox.com\/de\/\",\"name\":\"graphicatelier.com\",\"description\":\"Creative Designer - print.web.mobile\",\"publisher\":{\"@id\":\"https:\/\/graphica.designbox.com\/de\/#organization\"},\"alternateName\":\"Pierre Niel\",\"potentialAction\":[{\"@type\":\"SearchAction\",\"target\":{\"@type\":\"EntryPoint\",\"urlTemplate\":\"https:\/\/graphica.designbox.com\/de\/?s={search_term_string}\"},\"query-input\":{\"@type\":\"PropertyValueSpecification\",\"valueRequired\":true,\"valueName\":\"search_term_string\"}}],\"inLanguage\":\"de\"},{\"@type\":[\"Organization\",\"Place\"],\"@id\":\"https:\/\/graphica.designbox.com\/de\/#organization\",\"name\":\"graphicatelier\",\"alternateName\":\"Pierre Niel\",\"url\":\"https:\/\/graphica.designbox.com\/de\/\",\"logo\":{\"@id\":\"https:\/\/graphica.designbox.com\/de\/impressum\/#local-main-organization-logo\"},\"image\":{\"@id\":\"https:\/\/graphica.designbox.com\/de\/impressum\/#local-main-organization-logo\"},\"sameAs\":[\"https:\/\/www.facebook.com\/graphicateliercom\",\"https:\/\/x.com\/graphicatelier\",\"https:\/\/www.linkedin.com\/in\/pierre-niel\",\"https:\/\/www.instagram.com\/graphicateliercom\",\"https:\/\/www.paypal.me\/graphicatelier\"],\"description\":\"graphicatelier offers expert web design, branding, and digital marketing solutions. Specializing in custom logos, responsive websites, and tailored SEO strategies, we help businesses stand out and grow online. Elevate your brand with graphicatelier\u2019s creative and professional services.\",\"legalName\":\"Pierre Niel\",\"numberOfEmployees\":{\"@type\":\"QuantitativeValue\",\"minValue\":\"1\",\"maxValue\":\"10\"},\"address\":{\"@id\":\"https:\/\/graphica.designbox.com\/de\/impressum\/#local-main-place-address\"},\"geo\":{\"@type\":\"GeoCoordinates\",\"latitude\":\"48.1344152\",\"longitude\":\"14.376499\"},\"telephone\":[],\"contactPoint\":{\"@type\":\"ContactPoint\",\"telephone\":\"+43 650 956 5454\",\"email\":\"pierre@graphicatelier.com\"},\"openingHoursSpecification\":[{\"@type\":\"OpeningHoursSpecification\",\"dayOfWeek\":[\"Monday\",\"Tuesday\",\"Wednesday\",\"Thursday\",\"Friday\"],\"opens\":\"09:00\",\"closes\":\"17:00\"},{\"@type\":\"OpeningHoursSpecification\",\"dayOfWeek\":[\"Saturday\",\"Sunday\"],\"opens\":\"00:00\",\"closes\":\"00:00\"}],\"email\":\"pierre@graphicatelier.com\",\"areaServed\":\"World\"},{\"@type\":\"PostalAddress\",\"@id\":\"https:\/\/graphica.designbox.com\/de\/impressum\/#local-main-place-address\",\"streetAddress\":\"Wimmerfeld 27\",\"addressLocality\":\"Hofkirchen\",\"postalCode\":\"4492\",\"addressRegion\":\"OOe\",\"addressCountry\":\"AT\"},{\"@type\":\"ImageObject\",\"inLanguage\":\"de\",\"@id\":\"https:\/\/graphica.designbox.com\/de\/impressum\/#local-main-organization-logo\",\"url\":\"https:\/\/graphica.designbox.com\/wp-content\/uploads\/2024\/10\/logo_696.png\",\"contentUrl\":\"https:\/\/graphica.designbox.com\/wp-content\/uploads\/2024\/10\/logo_696.png\",\"width\":696,\"height\":696,\"caption\":\"graphicatelier\"}]}<\/script>\n<meta name=\"geo.placename\" content=\"Hofkirchen\" \/>\n<meta name=\"geo.position\" content=\"48.1344152;14.376499\" \/>\n<meta name=\"geo.region\" content=\"\u00d6sterreich\" \/>\n<!-- \/ Yoast SEO Premium plugin. -->","yoast_head_json":{"title":"Impressum - graphicatelier.com","description":"Pflichtangaben f\u00fcr graphicatelier.com gem\u00e4\u00df ECG, Unternehmensgesetzbuch, Gewerbeordnung und Mediengesetz.","robots":{"index":"index","follow":"follow","max-snippet":"max-snippet:-1","max-image-preview":"max-image-preview:large","max-video-preview":"max-video-preview:-1"},"canonical":"https:\/\/graphica.designbox.com\/de\/impressum\/","og_locale":"de_DE","og_type":"article","og_title":"Impressum","og_description":"Pflichtangaben f\u00fcr graphicatelier.com gem\u00e4\u00df ECG, Unternehmensgesetzbuch, Gewerbeordnung und Mediengesetz.","og_url":"https:\/\/graphica.designbox.com\/de\/impressum\/","og_site_name":"graphicatelier.com","article_publisher":"https:\/\/www.facebook.com\/graphicateliercom","article_modified_time":"2025-08-26T21:59:35+00:00","og_image":[{"width":2400,"height":1600,"url":"https:\/\/graphica.designbox.com\/wp-content\/uploads\/2024\/10\/Impressum-1.jpg","type":"image\/jpeg"}],"twitter_card":"summary_large_image","twitter_site":"@graphicatelier","twitter_misc":{"Gesch\u00e4tzte Lesezeit":"2\u00a0Minuten"},"schema":{"@context":"https:\/\/schema.org","@graph":[{"@type":"WebPage","@id":"https:\/\/graphica.designbox.com\/de\/impressum\/","url":"https:\/\/graphica.designbox.com\/de\/impressum\/","name":"Impressum - graphicatelier.com","isPartOf":{"@id":"https:\/\/graphica.designbox.com\/de\/#website"},"primaryImageOfPage":{"@id":"https:\/\/graphica.designbox.com\/de\/impressum\/#primaryimage"},"image":{"@id":"https:\/\/graphica.designbox.com\/de\/impressum\/#primaryimage"},"thumbnailUrl":"https:\/\/graphica.designbox.com\/wp-content\/uploads\/2024\/10\/Impressum-1.jpg","datePublished":"2024-10-15T13:53:50+00:00","dateModified":"2025-08-26T21:59:35+00:00","description":"Pflichtangaben f\u00fcr graphicatelier.com gem\u00e4\u00df ECG, Unternehmensgesetzbuch, Gewerbeordnung und Mediengesetz.","breadcrumb":{"@id":"https:\/\/graphica.designbox.com\/de\/impressum\/#breadcrumb"},"inLanguage":"de","potentialAction":[{"@type":"ReadAction","target":["https:\/\/graphica.designbox.com\/de\/impressum\/"]}]},{"@type":"ImageObject","inLanguage":"de","@id":"https:\/\/graphica.designbox.com\/de\/impressum\/#primaryimage","url":"https:\/\/graphica.designbox.com\/wp-content\/uploads\/2024\/10\/Impressum-1.jpg","contentUrl":"https:\/\/graphica.designbox.com\/wp-content\/uploads\/2024\/10\/Impressum-1.jpg","width":2400,"height":1600,"caption":"Impressum"},{"@type":"BreadcrumbList","@id":"https:\/\/graphica.designbox.com\/de\/impressum\/#breadcrumb","itemListElement":[{"@type":"ListItem","position":1,"name":"Home","item":"https:\/\/graphica.designbox.com\/de\/portfolio\/"},{"@type":"ListItem","position":2,"name":"Impressum"}]},{"@type":"WebSite","@id":"https:\/\/graphica.designbox.com\/de\/#website","url":"https:\/\/graphica.designbox.com\/de\/","name":"graphicatelier.com","description":"Creative Designer - print.web.mobile","publisher":{"@id":"https:\/\/graphica.designbox.com\/de\/#organization"},"alternateName":"Pierre Niel","potentialAction":[{"@type":"SearchAction","target":{"@type":"EntryPoint","urlTemplate":"https:\/\/graphica.designbox.com\/de\/?s={search_term_string}"},"query-input":{"@type":"PropertyValueSpecification","valueRequired":true,"valueName":"search_term_string"}}],"inLanguage":"de"},{"@type":["Organization","Place"],"@id":"https:\/\/graphica.designbox.com\/de\/#organization","name":"graphicatelier","alternateName":"Pierre Niel","url":"https:\/\/graphica.designbox.com\/de\/","logo":{"@id":"https:\/\/graphica.designbox.com\/de\/impressum\/#local-main-organization-logo"},"image":{"@id":"https:\/\/graphica.designbox.com\/de\/impressum\/#local-main-organization-logo"},"sameAs":["https:\/\/www.facebook.com\/graphicateliercom","https:\/\/x.com\/graphicatelier","https:\/\/www.linkedin.com\/in\/pierre-niel","https:\/\/www.instagram.com\/graphicateliercom","https:\/\/www.paypal.me\/graphicatelier"],"description":"graphicatelier offers expert web design, branding, and digital marketing solutions. Specializing in custom logos, responsive websites, and tailored SEO strategies, we help businesses stand out and grow online. Elevate your brand with graphicatelier\u2019s creative and professional services.","legalName":"Pierre Niel","numberOfEmployees":{"@type":"QuantitativeValue","minValue":"1","maxValue":"10"},"address":{"@id":"https:\/\/graphica.designbox.com\/de\/impressum\/#local-main-place-address"},"geo":{"@type":"GeoCoordinates","latitude":"48.1344152","longitude":"14.376499"},"telephone":[],"contactPoint":{"@type":"ContactPoint","telephone":"+43 650 956 5454","email":"pierre@graphicatelier.com"},"openingHoursSpecification":[{"@type":"OpeningHoursSpecification","dayOfWeek":["Monday","Tuesday","Wednesday","Thursday","Friday"],"opens":"09:00","closes":"17:00"},{"@type":"OpeningHoursSpecification","dayOfWeek":["Saturday","Sunday"],"opens":"00:00","closes":"00:00"}],"email":"pierre@graphicatelier.com","areaServed":"World"},{"@type":"PostalAddress","@id":"https:\/\/graphica.designbox.com\/de\/impressum\/#local-main-place-address","streetAddress":"Wimmerfeld 27","addressLocality":"Hofkirchen","postalCode":"4492","addressRegion":"OOe","addressCountry":"AT"},{"@type":"ImageObject","inLanguage":"de","@id":"https:\/\/graphica.designbox.com\/de\/impressum\/#local-main-organization-logo","url":"https:\/\/graphica.designbox.com\/wp-content\/uploads\/2024\/10\/logo_696.png","contentUrl":"https:\/\/graphica.designbox.com\/wp-content\/uploads\/2024\/10\/logo_696.png","width":696,"height":696,"caption":"graphicatelier"}]},"geo.placename":"Hofkirchen","geo.position":{"lat":"48.1344152","long":"14.376499"},"geo.region":"\u00d6sterreich"},"_links":{"self":[{"href":"https:\/\/graphica.designbox.com\/de\/wp-json\/wp\/v2\/pages\/2108","targetHints":{"allow":["GET"]}}],"collection":[{"href":"https:\/\/graphica.designbox.com\/de\/wp-json\/wp\/v2\/pages"}],"about":[{"href":"https:\/\/graphica.designbox.com\/de\/wp-json\/wp\/v2\/types\/page"}],"author":[{"embeddable":true,"href":"https:\/\/graphica.designbox.com\/de\/wp-json\/wp\/v2\/users\/1"}],"replies":[{"embeddable":true,"href":"https:\/\/graphica.designbox.com\/de\/wp-json\/wp\/v2\/comments?post=2108"}],"version-history":[{"count":5,"href":"https:\/\/graphica.designbox.com\/de\/wp-json\/wp\/v2\/pages\/2108\/revisions"}],"predecessor-version":[{"id":2248,"href":"https:\/\/graphica.designbox.com\/de\/wp-json\/wp\/v2\/pages\/2108\/revisions\/2248"}],"wp:featuredmedia":[{"embeddable":true,"href":"https:\/\/graphica.designbox.com\/de\/wp-json\/wp\/v2\/media\/2099"}],"wp:attachment":[{"href":"https:\/\/graphica.designbox.com\/de\/wp-json\/wp\/v2\/media?parent=2108"}],"curies":[{"name":"wp","href":"https:\/\/api.w.org\/{rel}","templated":true}]}}