{"id":1440,"date":"2024-02-01T19:01:09","date_gmt":"2024-02-01T19:01:09","guid":{"rendered":"https:\/\/graphica.designbox.com\/kontaktieren-sie-mich\/"},"modified":"2025-12-20T12:06:43","modified_gmt":"2025-12-20T12:06:43","slug":"kontaktieren-sie-mich","status":"publish","type":"page","link":"https:\/\/graphica.designbox.com\/de\/kontaktieren-sie-mich\/","title":{"rendered":"Kontaktieren Sie mich"},"content":{"rendered":"<div class=\"wpb-content-wrapper\"><p>[vc_row][vc_column width=&#8220;1\/3&#8243;][vc_text_separator title=&#8220;Kontakte&#8220; margin=&#8220;50&#8243;][vc_column_text]Nehmen Sie Kontakt auf und lassen Sie uns gemeinsam etwas Gro\u00dfartiges starten\u2026<\/p>\n<p>Wimmerfeld, 27<br \/>\n4492 Hofkirchen im Traunkreis<br \/>\n\u00d6sterreich<\/p>\n<p><a href=\"mailto:pierre@graphicatelier.com\">pierre@graphicatelier.com<\/a><br \/>\n<strong>+43 650 956 54 54<br \/>\n<\/strong>[\/vc_column_text][\/vc_column][vc_column width=&#8220;2\/3&#8243;][vc_text_separator title=&#8220;Schreiben Sie mir eine Nachricht&#8220; margin=&#8220;50&#8243;]\n<div class=\"wpcf7 no-js\" id=\"wpcf7-f332-o1\" lang=\"en-US\" dir=\"ltr\" data-wpcf7-id=\"332\">\n<div class=\"screen-reader-response\"><p role=\"status\" aria-live=\"polite\" aria-atomic=\"true\"><\/p> <ul><\/ul><\/div>\n<form action=\"\/de\/wp-json\/wp\/v2\/pages\/1440#wpcf7-f332-o1\" method=\"post\" class=\"wpcf7-form init\" aria-label=\"Contact form\" novalidate=\"novalidate\" data-status=\"init\">\n<fieldset class=\"hidden-fields-container\"><input type=\"hidden\" name=\"_wpcf7\" value=\"332\" \/><input type=\"hidden\" name=\"_wpcf7_version\" value=\"6.1.5\" \/><input type=\"hidden\" name=\"_wpcf7_locale\" value=\"en_US\" \/><input type=\"hidden\" name=\"_wpcf7_unit_tag\" value=\"wpcf7-f332-o1\" \/><input type=\"hidden\" name=\"_wpcf7_container_post\" value=\"0\" \/><input type=\"hidden\" name=\"_wpcf7_posted_data_hash\" value=\"\" \/><input type=\"hidden\" name=\"_wpcf7_recaptcha_response\" value=\"\" \/>\n<\/fieldset>\n<div class=\"krown-form\">\n\t<div class=\"krown-column-row\">\n\t\t<div class=\"krown-column-container span4\">\n\t\t\t<p><span class=\"wpcf7-form-control-wrap\" data-name=\"your-name\"><input size=\"40\" maxlength=\"400\" class=\"wpcf7-form-control wpcf7-text wpcf7-validates-as-required\" aria-required=\"true\" aria-invalid=\"false\" placeholder=\"Name\" value=\"\" type=\"text\" name=\"your-name\" \/><\/span>\n\t\t\t<\/p>\n\t\t<\/div>\n\t\t<div class=\"krown-column-container span4\">\n\t\t\t<p><span class=\"wpcf7-form-control-wrap\" data-name=\"your-email\"><input size=\"40\" maxlength=\"400\" class=\"wpcf7-form-control wpcf7-email wpcf7-validates-as-required wpcf7-text wpcf7-validates-as-email\" aria-required=\"true\" aria-invalid=\"false\" placeholder=\"Email\" value=\"\" type=\"email\" name=\"your-email\" \/><\/span>\n\t\t\t<\/p>\n\t\t<\/div>\n\t\t<div class=\"krown-column-container span4\">\n\t\t\t<p><span class=\"wpcf7-form-control-wrap\" data-name=\"your-subject\"><input size=\"40\" maxlength=\"400\" class=\"wpcf7-form-control wpcf7-text\" aria-invalid=\"false\" placeholder=\"Subject\" value=\"\" type=\"text\" name=\"your-subject\" \/><\/span>\n\t\t\t<\/p>\n\t\t<\/div>\n\t<\/div>\n\t<div class=\"krown-column-container span12\">\n\t\t<p><span class=\"wpcf7-form-control-wrap\" data-name=\"your-message\"><textarea cols=\"40\" rows=\"10\" maxlength=\"2000\" class=\"wpcf7-form-control wpcf7-textarea\" aria-invalid=\"false\" placeholder=\"Message\" name=\"your-message\"><\/textarea><\/span>\n\t\t<\/p>\n\t<\/div>\n\t<div class=\"krown-column-container span12\">\n\t\t<p><input class=\"wpcf7-form-control wpcf7-submit has-spinner\" type=\"submit\" value=\"Send\" \/>\n\t\t<\/p>\n\t<\/div>\n<\/div><div class=\"wpcf7-response-output\" aria-hidden=\"true\"><\/div>\n<\/form>\n<\/div>\n[\/vc_column][\/vc_row]<\/p>\n<\/div>","protected":false},"excerpt":{"rendered":"<p>[vc_row][vc_column width=&#8220;1\/3&#8243;][vc_text_separator title=&#8220;Kontakte&#8220; margin=&#8220;50&#8243;][vc_column_text]Nehmen Sie Kontakt auf und lassen Sie uns gemeinsam etwas Gro\u00dfartiges starten\u2026 Wimmerfeld, 27 4492 Hofkirchen im Traunkreis \u00d6sterreich pierre@graphicatelier.com +43 650 956 54 54 [\/vc_column_text][\/vc_column][vc_column width=&#8220;2\/3&#8243;][vc_text_separator title=&#8220;Schreiben Sie mir eine Nachricht&#8220; margin=&#8220;50&#8243;][\/vc_column][\/vc_row]<\/p>\n","protected":false},"author":1,"featured_media":0,"parent":0,"menu_order":0,"comment_status":"closed","ping_status":"closed","template":"template-contact.php","meta":{"footnotes":""},"class_list":["post-1440","page","type-page","status-publish","hentry"],"yoast_head":"<!-- This site is optimized with the Yoast SEO Premium plugin v23.6 (Yoast SEO v27.1) - https:\/\/yoast.com\/product\/yoast-seo-premium-wordpress\/ -->\n<title>Kontaktieren Sie mich - graphicatelier.com<\/title>\n<meta name=\"description\" content=\"Nehmen Sie Kontakt mit mir auf! Ich stehe jederzeit f\u00fcr neue Projekte zur Verf\u00fcgung. Lassen Sie uns \u00fcber Ihre Ideen sprechen.\" \/>\n<meta name=\"robots\" content=\"index, follow, max-snippet:-1, max-image-preview:large, max-video-preview:-1\" \/>\n<link rel=\"canonical\" href=\"https:\/\/graphica.designbox.com\/de\/kontaktieren-sie-mich\/\" \/>\n<meta property=\"og:locale\" content=\"de_DE\" \/>\n<meta property=\"og:type\" content=\"article\" \/>\n<meta property=\"og:title\" content=\"Kontaktieren Sie mich\" \/>\n<meta property=\"og:description\" content=\"Nehmen Sie Kontakt mit mir auf! Ich stehe jederzeit f\u00fcr neue Projekte zur Verf\u00fcgung. Lassen Sie uns \u00fcber Ihre Ideen sprechen.\" \/>\n<meta property=\"og:url\" content=\"https:\/\/graphica.designbox.com\/de\/kontaktieren-sie-mich\/\" \/>\n<meta property=\"og:site_name\" content=\"graphicatelier.com\" \/>\n<meta property=\"article:publisher\" content=\"https:\/\/www.facebook.com\/graphicateliercom\" \/>\n<meta property=\"article:modified_time\" content=\"2025-12-20T12:06:43+00:00\" \/>\n<meta property=\"og:image\" content=\"https:\/\/graphica.designbox.com\/wp-content\/uploads\/2024\/10\/Website_ProfilBG.jpg\" \/>\n\t<meta property=\"og:image:width\" content=\"1200\" \/>\n\t<meta property=\"og:image:height\" content=\"675\" \/>\n\t<meta property=\"og:image:type\" content=\"image\/jpeg\" \/>\n<meta name=\"twitter:card\" content=\"summary_large_image\" \/>\n<meta name=\"twitter:site\" content=\"@graphicatelier\" \/>\n<meta name=\"twitter:label1\" content=\"Gesch\u00e4tzte Lesezeit\" \/>\n\t<meta name=\"twitter:data1\" content=\"1\u00a0Minute\" \/>\n<script type=\"application\/ld+json\" class=\"yoast-schema-graph\">{\"@context\":\"https:\/\/schema.org\",\"@graph\":[{\"@type\":\"WebPage\",\"@id\":\"https:\/\/graphica.designbox.com\/de\/kontaktieren-sie-mich\/\",\"url\":\"https:\/\/graphica.designbox.com\/de\/kontaktieren-sie-mich\/\",\"name\":\"Kontaktieren Sie mich - graphicatelier.com\",\"isPartOf\":{\"@id\":\"https:\/\/graphica.designbox.com\/de\/#website\"},\"datePublished\":\"2024-02-01T19:01:09+00:00\",\"dateModified\":\"2025-12-20T12:06:43+00:00\",\"description\":\"Nehmen Sie Kontakt mit mir auf! Ich stehe jederzeit f\u00fcr neue Projekte zur Verf\u00fcgung. Lassen Sie uns \u00fcber Ihre Ideen sprechen.\",\"breadcrumb\":{\"@id\":\"https:\/\/graphica.designbox.com\/de\/kontaktieren-sie-mich\/#breadcrumb\"},\"inLanguage\":\"de\",\"potentialAction\":[{\"@type\":\"ReadAction\",\"target\":[\"https:\/\/graphica.designbox.com\/de\/kontaktieren-sie-mich\/\"]}]},{\"@type\":\"BreadcrumbList\",\"@id\":\"https:\/\/graphica.designbox.com\/de\/kontaktieren-sie-mich\/#breadcrumb\",\"itemListElement\":[{\"@type\":\"ListItem\",\"position\":1,\"name\":\"Home\",\"item\":\"https:\/\/graphica.designbox.com\/de\/portfolio\/\"},{\"@type\":\"ListItem\",\"position\":2,\"name\":\"Kontaktieren Sie mich\"}]},{\"@type\":\"WebSite\",\"@id\":\"https:\/\/graphica.designbox.com\/de\/#website\",\"url\":\"https:\/\/graphica.designbox.com\/de\/\",\"name\":\"graphicatelier.com\",\"description\":\"Creative Designer - print.web.mobile\",\"publisher\":{\"@id\":\"https:\/\/graphica.designbox.com\/de\/#organization\"},\"alternateName\":\"Pierre Niel\",\"potentialAction\":[{\"@type\":\"SearchAction\",\"target\":{\"@type\":\"EntryPoint\",\"urlTemplate\":\"https:\/\/graphica.designbox.com\/de\/?s={search_term_string}\"},\"query-input\":{\"@type\":\"PropertyValueSpecification\",\"valueRequired\":true,\"valueName\":\"search_term_string\"}}],\"inLanguage\":\"de\"},{\"@type\":[\"Organization\",\"Place\"],\"@id\":\"https:\/\/graphica.designbox.com\/de\/#organization\",\"name\":\"graphicatelier\",\"alternateName\":\"Pierre Niel\",\"url\":\"https:\/\/graphica.designbox.com\/de\/\",\"logo\":{\"@id\":\"https:\/\/graphica.designbox.com\/de\/kontaktieren-sie-mich\/#local-main-organization-logo\"},\"image\":{\"@id\":\"https:\/\/graphica.designbox.com\/de\/kontaktieren-sie-mich\/#local-main-organization-logo\"},\"sameAs\":[\"https:\/\/www.facebook.com\/graphicateliercom\",\"https:\/\/x.com\/graphicatelier\",\"https:\/\/www.linkedin.com\/in\/pierre-niel\",\"https:\/\/www.instagram.com\/graphicateliercom\",\"https:\/\/www.paypal.me\/graphicatelier\"],\"description\":\"graphicatelier offers expert web design, branding, and digital marketing solutions. Specializing in custom logos, responsive websites, and tailored SEO strategies, we help businesses stand out and grow online. Elevate your brand with graphicatelier\u2019s creative and professional services.\",\"legalName\":\"Pierre Niel\",\"numberOfEmployees\":{\"@type\":\"QuantitativeValue\",\"minValue\":\"1\",\"maxValue\":\"10\"},\"address\":{\"@id\":\"https:\/\/graphica.designbox.com\/de\/kontaktieren-sie-mich\/#local-main-place-address\"},\"geo\":{\"@type\":\"GeoCoordinates\",\"latitude\":\"48.1344152\",\"longitude\":\"14.376499\"},\"telephone\":[],\"contactPoint\":{\"@type\":\"ContactPoint\",\"telephone\":\"+43 650 956 5454\",\"email\":\"pierre@graphicatelier.com\"},\"openingHoursSpecification\":[{\"@type\":\"OpeningHoursSpecification\",\"dayOfWeek\":[\"Monday\",\"Tuesday\",\"Wednesday\",\"Thursday\",\"Friday\"],\"opens\":\"09:00\",\"closes\":\"17:00\"},{\"@type\":\"OpeningHoursSpecification\",\"dayOfWeek\":[\"Saturday\",\"Sunday\"],\"opens\":\"00:00\",\"closes\":\"00:00\"}],\"email\":\"pierre@graphicatelier.com\",\"areaServed\":\"World\"},{\"@type\":\"PostalAddress\",\"@id\":\"https:\/\/graphica.designbox.com\/de\/kontaktieren-sie-mich\/#local-main-place-address\",\"streetAddress\":\"Wimmerfeld 27\",\"addressLocality\":\"Hofkirchen\",\"postalCode\":\"4492\",\"addressRegion\":\"OOe\",\"addressCountry\":\"AT\"},{\"@type\":\"ImageObject\",\"inLanguage\":\"de\",\"@id\":\"https:\/\/graphica.designbox.com\/de\/kontaktieren-sie-mich\/#local-main-organization-logo\",\"url\":\"https:\/\/graphica.designbox.com\/wp-content\/uploads\/2024\/10\/logo_696.png\",\"contentUrl\":\"https:\/\/graphica.designbox.com\/wp-content\/uploads\/2024\/10\/logo_696.png\",\"width\":696,\"height\":696,\"caption\":\"graphicatelier\"}]}<\/script>\n<meta name=\"geo.placename\" content=\"Hofkirchen\" \/>\n<meta name=\"geo.position\" content=\"48.1344152;14.376499\" \/>\n<meta name=\"geo.region\" content=\"\u00d6sterreich\" \/>\n<!-- \/ Yoast SEO Premium plugin. -->","yoast_head_json":{"title":"Kontaktieren Sie mich - graphicatelier.com","description":"Nehmen Sie Kontakt mit mir auf! Ich stehe jederzeit f\u00fcr neue Projekte zur Verf\u00fcgung. Lassen Sie uns \u00fcber Ihre Ideen sprechen.","robots":{"index":"index","follow":"follow","max-snippet":"max-snippet:-1","max-image-preview":"max-image-preview:large","max-video-preview":"max-video-preview:-1"},"canonical":"https:\/\/graphica.designbox.com\/de\/kontaktieren-sie-mich\/","og_locale":"de_DE","og_type":"article","og_title":"Kontaktieren Sie mich","og_description":"Nehmen Sie Kontakt mit mir auf! Ich stehe jederzeit f\u00fcr neue Projekte zur Verf\u00fcgung. Lassen Sie uns \u00fcber Ihre Ideen sprechen.","og_url":"https:\/\/graphica.designbox.com\/de\/kontaktieren-sie-mich\/","og_site_name":"graphicatelier.com","article_publisher":"https:\/\/www.facebook.com\/graphicateliercom","article_modified_time":"2025-12-20T12:06:43+00:00","og_image":[{"width":1200,"height":675,"url":"https:\/\/graphica.designbox.com\/wp-content\/uploads\/2024\/10\/Website_ProfilBG.jpg","type":"image\/jpeg"}],"twitter_card":"summary_large_image","twitter_site":"@graphicatelier","twitter_misc":{"Gesch\u00e4tzte Lesezeit":"1\u00a0Minute"},"schema":{"@context":"https:\/\/schema.org","@graph":[{"@type":"WebPage","@id":"https:\/\/graphica.designbox.com\/de\/kontaktieren-sie-mich\/","url":"https:\/\/graphica.designbox.com\/de\/kontaktieren-sie-mich\/","name":"Kontaktieren Sie mich - graphicatelier.com","isPartOf":{"@id":"https:\/\/graphica.designbox.com\/de\/#website"},"datePublished":"2024-02-01T19:01:09+00:00","dateModified":"2025-12-20T12:06:43+00:00","description":"Nehmen Sie Kontakt mit mir auf! Ich stehe jederzeit f\u00fcr neue Projekte zur Verf\u00fcgung. Lassen Sie uns \u00fcber Ihre Ideen sprechen.","breadcrumb":{"@id":"https:\/\/graphica.designbox.com\/de\/kontaktieren-sie-mich\/#breadcrumb"},"inLanguage":"de","potentialAction":[{"@type":"ReadAction","target":["https:\/\/graphica.designbox.com\/de\/kontaktieren-sie-mich\/"]}]},{"@type":"BreadcrumbList","@id":"https:\/\/graphica.designbox.com\/de\/kontaktieren-sie-mich\/#breadcrumb","itemListElement":[{"@type":"ListItem","position":1,"name":"Home","item":"https:\/\/graphica.designbox.com\/de\/portfolio\/"},{"@type":"ListItem","position":2,"name":"Kontaktieren Sie mich"}]},{"@type":"WebSite","@id":"https:\/\/graphica.designbox.com\/de\/#website","url":"https:\/\/graphica.designbox.com\/de\/","name":"graphicatelier.com","description":"Creative Designer - print.web.mobile","publisher":{"@id":"https:\/\/graphica.designbox.com\/de\/#organization"},"alternateName":"Pierre Niel","potentialAction":[{"@type":"SearchAction","target":{"@type":"EntryPoint","urlTemplate":"https:\/\/graphica.designbox.com\/de\/?s={search_term_string}"},"query-input":{"@type":"PropertyValueSpecification","valueRequired":true,"valueName":"search_term_string"}}],"inLanguage":"de"},{"@type":["Organization","Place"],"@id":"https:\/\/graphica.designbox.com\/de\/#organization","name":"graphicatelier","alternateName":"Pierre Niel","url":"https:\/\/graphica.designbox.com\/de\/","logo":{"@id":"https:\/\/graphica.designbox.com\/de\/kontaktieren-sie-mich\/#local-main-organization-logo"},"image":{"@id":"https:\/\/graphica.designbox.com\/de\/kontaktieren-sie-mich\/#local-main-organization-logo"},"sameAs":["https:\/\/www.facebook.com\/graphicateliercom","https:\/\/x.com\/graphicatelier","https:\/\/www.linkedin.com\/in\/pierre-niel","https:\/\/www.instagram.com\/graphicateliercom","https:\/\/www.paypal.me\/graphicatelier"],"description":"graphicatelier offers expert web design, branding, and digital marketing solutions. Specializing in custom logos, responsive websites, and tailored SEO strategies, we help businesses stand out and grow online. Elevate your brand with graphicatelier\u2019s creative and professional services.","legalName":"Pierre Niel","numberOfEmployees":{"@type":"QuantitativeValue","minValue":"1","maxValue":"10"},"address":{"@id":"https:\/\/graphica.designbox.com\/de\/kontaktieren-sie-mich\/#local-main-place-address"},"geo":{"@type":"GeoCoordinates","latitude":"48.1344152","longitude":"14.376499"},"telephone":[],"contactPoint":{"@type":"ContactPoint","telephone":"+43 650 956 5454","email":"pierre@graphicatelier.com"},"openingHoursSpecification":[{"@type":"OpeningHoursSpecification","dayOfWeek":["Monday","Tuesday","Wednesday","Thursday","Friday"],"opens":"09:00","closes":"17:00"},{"@type":"OpeningHoursSpecification","dayOfWeek":["Saturday","Sunday"],"opens":"00:00","closes":"00:00"}],"email":"pierre@graphicatelier.com","areaServed":"World"},{"@type":"PostalAddress","@id":"https:\/\/graphica.designbox.com\/de\/kontaktieren-sie-mich\/#local-main-place-address","streetAddress":"Wimmerfeld 27","addressLocality":"Hofkirchen","postalCode":"4492","addressRegion":"OOe","addressCountry":"AT"},{"@type":"ImageObject","inLanguage":"de","@id":"https:\/\/graphica.designbox.com\/de\/kontaktieren-sie-mich\/#local-main-organization-logo","url":"https:\/\/graphica.designbox.com\/wp-content\/uploads\/2024\/10\/logo_696.png","contentUrl":"https:\/\/graphica.designbox.com\/wp-content\/uploads\/2024\/10\/logo_696.png","width":696,"height":696,"caption":"graphicatelier"}]},"geo.placename":"Hofkirchen","geo.position":{"lat":"48.1344152","long":"14.376499"},"geo.region":"\u00d6sterreich"},"_links":{"self":[{"href":"https:\/\/graphica.designbox.com\/de\/wp-json\/wp\/v2\/pages\/1440","targetHints":{"allow":["GET"]}}],"collection":[{"href":"https:\/\/graphica.designbox.com\/de\/wp-json\/wp\/v2\/pages"}],"about":[{"href":"https:\/\/graphica.designbox.com\/de\/wp-json\/wp\/v2\/types\/page"}],"author":[{"embeddable":true,"href":"https:\/\/graphica.designbox.com\/de\/wp-json\/wp\/v2\/users\/1"}],"replies":[{"embeddable":true,"href":"https:\/\/graphica.designbox.com\/de\/wp-json\/wp\/v2\/comments?post=1440"}],"version-history":[{"count":22,"href":"https:\/\/graphica.designbox.com\/de\/wp-json\/wp\/v2\/pages\/1440\/revisions"}],"predecessor-version":[{"id":2316,"href":"https:\/\/graphica.designbox.com\/de\/wp-json\/wp\/v2\/pages\/1440\/revisions\/2316"}],"wp:attachment":[{"href":"https:\/\/graphica.designbox.com\/de\/wp-json\/wp\/v2\/media?parent=1440"}],"curies":[{"name":"wp","href":"https:\/\/api.w.org\/{rel}","templated":true}]}}